{"id":4749,"date":"2026-02-22T09:12:29","date_gmt":"2026-02-22T09:12:29","guid":{"rendered":"https:\/\/zsab.krakow.pl\/?page_id=4749"},"modified":"2026-02-22T09:40:34","modified_gmt":"2026-02-22T09:40:34","slug":"technik-budownictwa-bsii","status":"publish","type":"page","link":"https:\/\/zsab.krakow.pl\/?page_id=4749","title":{"rendered":"Technik budownictwa BSII"},"content":{"rendered":"\n<figure class=\"wp-block-image size-large\"><img loading=\"lazy\" decoding=\"async\" width=\"1024\" height=\"722\" src=\"https:\/\/zsab.krakow.pl\/wp-content\/uploads\/2026\/02\/technik-budownictwa-Szkola-Branzowa-II-Stopnia-1024x722.png\" alt=\"\" class=\"wp-image-4778\" srcset=\"https:\/\/zsab.krakow.pl\/wp-content\/uploads\/2026\/02\/technik-budownictwa-Szkola-Branzowa-II-Stopnia-1024x722.png 1024w, https:\/\/zsab.krakow.pl\/wp-content\/uploads\/2026\/02\/technik-budownictwa-Szkola-Branzowa-II-Stopnia-300x212.png 300w, https:\/\/zsab.krakow.pl\/wp-content\/uploads\/2026\/02\/technik-budownictwa-Szkola-Branzowa-II-Stopnia-768x541.png 768w, https:\/\/zsab.krakow.pl\/wp-content\/uploads\/2026\/02\/technik-budownictwa-Szkola-Branzowa-II-Stopnia-1536x1083.png 1536w, https:\/\/zsab.krakow.pl\/wp-content\/uploads\/2026\/02\/technik-budownictwa-Szkola-Branzowa-II-Stopnia.png 2000w\" sizes=\"auto, (max-width: 1024px) 100vw, 1024px\" \/><\/figure>\n\n\n\n<div class=\"wp-block-file\"><a id=\"wp-block-file--media-6a56e5c8-1523-40bc-b91d-d96c9f01e934\" href=\"https:\/\/zsab.krakow.pl\/wp-content\/uploads\/2026\/02\/technik-budownictwa-Szkola-Branzowa-II-Stopnia.pdf\">technik budownictwa BSII.pdf<\/a><a href=\"https:\/\/zsab.krakow.pl\/wp-content\/uploads\/2026\/02\/technik-budownictwa-Szkola-Branzowa-II-Stopnia.pdf\" class=\"wp-block-file__button wp-element-button\" download aria-describedby=\"wp-block-file--media-6a56e5c8-1523-40bc-b91d-d96c9f01e934\">Pobierz<\/a><\/div>\n\n\n\n<p>Technik budownictwa to wiod\u0105cy kierunek w bran\u017cy budowlanej, po kt\u00f3rym mo\u017cna ubiega\u0107 si\u0119, po spe\u0142nieniu stosownych wymaga\u0144, &nbsp;o uprawnienia budowlane w specjalno\u015bci&nbsp;konstrukcyjno&nbsp;\u2013 budowlanej w ograniczonym zakresie.<\/p>\n\n\n\n<p><strong>Absolwent&nbsp;\u2013&nbsp;technik budownictwa:<\/strong><br>\u2013 mo\u017ce ubiega\u0107 si\u0119 o uprawnienia budowlane;<br>\u2013 zna i stosuje najnowsze technologie w budownictwie;<br>\u2013 organizuje i kontroluje roboty budowlane;<br>\u2013 potrafi sporz\u0105dza\u0107 kosztorysy na roboty budowlane;<br>\u2013 potrafi sporz\u0105dza\u0107 harmonogramy rob\u00f3t budowlanych.<\/p>\n\n\n\n<p><strong>Technik budownictwa:<\/strong><br>\u2013 mo\u017ce prowadzi\u0107 w\u0142asn\u0105 dzia\u0142alno\u015b\u0107 gospodarcz\u0105;<br>\u2013 mo\u017ce kontynuowa\u0107 nauk\u0119 na studiach wy\u017cszych;<br>\u2013 mo\u017ce po spe\u0142nieniu stosownych warunk\u00f3w ubiega\u0107 si\u0119 o uprawnienia budowlane w ograniczonym zakresie (do samodzielnego kierowania robotami budowlanymi);<br>\u2013 znajdzie zatrudnienie w przedsi\u0119biorstwach budowlanych, biurach projektowych;<br>\u2013 znajdzie zatrudnienie w sklepach i hurtowniach budowlanych.<\/p>\n\n\n\n<p><strong>Kwalifikacje uzyskiwane w wyniku kszta\u0142cenia:<\/strong><br>Kwalifikacja:<br>BUD.14 Organizacja i kontrola rob\u00f3t budowlanych oraz sporz\u0105dzanie kosztorys\u00f3w.<\/p>\n\n\n\n<p><strong>Absolwent otrzymuje dyplom potwierdzaj\u0105cy kwalifikacje w zawodzie wraz z suplementem do dyplomu \u2013 EUROPASS w j\u0119zyku polskim i j\u0119zyku angielskim (okre\u015blaj\u0105cy ramy kwalifikacji zawodowych uznanych w Polsce i w krajach Unii Europejskiej).<\/strong><\/p>\n","protected":false},"excerpt":{"rendered":"<p>Technik budownictwa to wiod\u0105cy kierunek w bran\u017cy budowlanej, po kt\u00f3rym mo\u017cna ubiega\u0107 si\u0119, po spe\u0142nieniu stosownych wymaga\u0144, &nbsp;o uprawnienia budowlane w specjalno\u015bci&nbsp;konstrukcyjno&nbsp;\u2013 budowlanej w ograniczonym zakresie. Absolwent&nbsp;\u2013&nbsp;technik budownictwa:\u2013 mo\u017ce ubiega\u0107 si\u0119 o uprawnienia budowlane;\u2013 zna i stosuje najnowsze technologie w budownictwie;\u2013 organizuje i kontroluje roboty budowlane;\u2013 potrafi sporz\u0105dza\u0107 kosztorysy na roboty budowlane;\u2013 potrafi sporz\u0105dza\u0107 harmonogramy [&hellip;]<\/p>\n","protected":false},"author":2,"featured_media":0,"parent":0,"menu_order":0,"comment_status":"closed","ping_status":"closed","template":"","meta":{"footnotes":""},"class_list":["post-4749","page","type-page","status-publish","hentry"],"blocksy_meta":[],"_links":{"self":[{"href":"https:\/\/zsab.krakow.pl\/index.php?rest_route=\/wp\/v2\/pages\/4749","targetHints":{"allow":["GET"]}}],"collection":[{"href":"https:\/\/zsab.krakow.pl\/index.php?rest_route=\/wp\/v2\/pages"}],"about":[{"href":"https:\/\/zsab.krakow.pl\/index.php?rest_route=\/wp\/v2\/types\/page"}],"author":[{"embeddable":true,"href":"https:\/\/zsab.krakow.pl\/index.php?rest_route=\/wp\/v2\/users\/2"}],"replies":[{"embeddable":true,"href":"https:\/\/zsab.krakow.pl\/index.php?rest_route=%2Fwp%2Fv2%2Fcomments&post=4749"}],"version-history":[{"count":4,"href":"https:\/\/zsab.krakow.pl\/index.php?rest_route=\/wp\/v2\/pages\/4749\/revisions"}],"predecessor-version":[{"id":4809,"href":"https:\/\/zsab.krakow.pl\/index.php?rest_route=\/wp\/v2\/pages\/4749\/revisions\/4809"}],"wp:attachment":[{"href":"https:\/\/zsab.krakow.pl\/index.php?rest_route=%2Fwp%2Fv2%2Fmedia&parent=4749"}],"curies":[{"name":"wp","href":"https:\/\/api.w.org\/{rel}","templated":true}]}}