{"id":4738,"date":"2026-02-22T09:07:49","date_gmt":"2026-02-22T09:07:49","guid":{"rendered":"https:\/\/zsab.krakow.pl\/?page_id=4738"},"modified":"2026-02-22T09:51:45","modified_gmt":"2026-02-22T09:51:45","slug":"zdun","status":"publish","type":"page","link":"https:\/\/zsab.krakow.pl\/?page_id=4738","title":{"rendered":"Zdun"},"content":{"rendered":"\n<figure class=\"wp-block-image size-large\"><img loading=\"lazy\" decoding=\"async\" width=\"1024\" height=\"722\" src=\"https:\/\/zsab.krakow.pl\/wp-content\/uploads\/2026\/02\/zdun-1024x722.png\" alt=\"\" class=\"wp-image-4774\" srcset=\"https:\/\/zsab.krakow.pl\/wp-content\/uploads\/2026\/02\/zdun-1024x722.png 1024w, https:\/\/zsab.krakow.pl\/wp-content\/uploads\/2026\/02\/zdun-300x212.png 300w, https:\/\/zsab.krakow.pl\/wp-content\/uploads\/2026\/02\/zdun-768x541.png 768w, https:\/\/zsab.krakow.pl\/wp-content\/uploads\/2026\/02\/zdun-1536x1083.png 1536w, https:\/\/zsab.krakow.pl\/wp-content\/uploads\/2026\/02\/zdun.png 2000w\" sizes=\"auto, (max-width: 1024px) 100vw, 1024px\" \/><\/figure>\n\n\n\n<div class=\"wp-block-file\"><a id=\"wp-block-file--media-7ec50660-f989-480e-8de0-8b28bccf95cd\" href=\"https:\/\/zsab.krakow.pl\/wp-content\/uploads\/2026\/02\/zdun.pdf\">zdun.pdf<\/a><a href=\"https:\/\/zsab.krakow.pl\/wp-content\/uploads\/2026\/02\/zdun.pdf\" class=\"wp-block-file__button wp-element-button\" download aria-describedby=\"wp-block-file--media-7ec50660-f989-480e-8de0-8b28bccf95cd\">Pobierz<\/a><\/div>\n\n\n\n<p>Praca zduna jest jednym z najstarszych zawod\u00f3w na \u015bwiecie. Zdunowie s\u0105 rzemie\u015blnikami specjalizuj\u0105cymi si\u0119 w budowie i naprawie konstrukcji z cegie\u0142, kamienia i innych materia\u0142\u00f3w budowlanych.<\/p>\n\n\n\n<p>Zdun to zaw\u00f3d, kt\u00f3ry polega na wykonywaniu r\u00f3\u017cnego rodzaju prac zwi\u0105zanych z obr\u00f3bk\u0105 i uk\u0142adaniem kamienia oraz cegie\u0142. Zdunowie zajmuj\u0105 si\u0119 budow\u0105 mur\u00f3w, \u015bcian, fundament\u00f3w, komink\u00f3w, schod\u00f3w i innych element\u00f3w z kamienia lub ceg\u0142y. Ich praca wymaga precyzji, umiej\u0119tno\u015bci manualnych oraz znajomo\u015bci technik i narz\u0119dzi budowlanych.<\/p>\n\n\n\n<p><strong>Mo\u017cesz pracowa\u0107 w:<\/strong><br>&#8211;&nbsp;firmach zdu\u0144skich i rzemie\u015blniczych (budowa piec\u00f3w kaflowych, komink\u00f3w i piec\u00f3w chlebowych);<br>&#8211;&nbsp;prowadz\u0105c w\u0142asn\u0105 dzia\u0142alno\u015b\u0107 us\u0142ugow\u0105;<br>&#8211;&nbsp;firmach budowlanych i remontowo-wyko\u0144czeniowych;<br>&#8211;&nbsp;pracowniach konserwacji zabytk\u00f3w i renowacji kamienic;<br>&#8211;&nbsp;obiektach historycznych: pa\u0142acach, dworach, skansenach i muzeach;<br>&#8211;&nbsp;przedsi\u0119biorstwach produkuj\u0105cych kominki, wk\u0142ady kominkowe i systemy grzewcze (monta\u017c, serwis, doradztwo);<br>&#8211;&nbsp;gospodarstwach agroturystycznych i restauracjach z piecami opalanymi drewnem;<br>&#8211;&nbsp;hurtowniach oraz salonach sprzeda\u017cy komink\u00f3w i materia\u0142\u00f3w ogniotrwa\u0142ych (doradztwo techniczne).<\/p>\n\n\n\n<p><strong>Kwalifikacje uzyskiwane w wyniku kszta\u0142cenia:<\/strong><br>Kwalifikacja :<br>BUD.26.\u00a0Wykonywanie rob\u00f3t zdu\u0144skich.<\/p>\n\n\n\n<p><strong>Absolwent otrzymuje dyplom potwierdzaj\u0105cy kwalifikacje w zawodzie wraz z suplementem do dyplomu \u2013 EUROPASS w j\u0119zyku polskim i j\u0119zyku angielskim (okre\u015blaj\u0105cy ramy kwalifikacji zawodowych uznanych w Polsce i w krajach Unii Europejskiej).<\/strong><\/p>\n","protected":false},"excerpt":{"rendered":"<p>Praca zduna jest jednym z najstarszych zawod\u00f3w na \u015bwiecie. Zdunowie s\u0105 rzemie\u015blnikami specjalizuj\u0105cymi si\u0119 w budowie i naprawie konstrukcji z cegie\u0142, kamienia i innych materia\u0142\u00f3w budowlanych. Zdun to zaw\u00f3d, kt\u00f3ry polega na wykonywaniu r\u00f3\u017cnego rodzaju prac zwi\u0105zanych z obr\u00f3bk\u0105 i uk\u0142adaniem kamienia oraz cegie\u0142. Zdunowie zajmuj\u0105 si\u0119 budow\u0105 mur\u00f3w, \u015bcian, fundament\u00f3w, komink\u00f3w, schod\u00f3w i innych [&hellip;]<\/p>\n","protected":false},"author":2,"featured_media":0,"parent":0,"menu_order":0,"comment_status":"closed","ping_status":"closed","template":"","meta":{"footnotes":""},"class_list":["post-4738","page","type-page","status-publish","hentry"],"blocksy_meta":[],"_links":{"self":[{"href":"https:\/\/zsab.krakow.pl\/index.php?rest_route=\/wp\/v2\/pages\/4738","targetHints":{"allow":["GET"]}}],"collection":[{"href":"https:\/\/zsab.krakow.pl\/index.php?rest_route=\/wp\/v2\/pages"}],"about":[{"href":"https:\/\/zsab.krakow.pl\/index.php?rest_route=\/wp\/v2\/types\/page"}],"author":[{"embeddable":true,"href":"https:\/\/zsab.krakow.pl\/index.php?rest_route=\/wp\/v2\/users\/2"}],"replies":[{"embeddable":true,"href":"https:\/\/zsab.krakow.pl\/index.php?rest_route=%2Fwp%2Fv2%2Fcomments&post=4738"}],"version-history":[{"count":4,"href":"https:\/\/zsab.krakow.pl\/index.php?rest_route=\/wp\/v2\/pages\/4738\/revisions"}],"predecessor-version":[{"id":4820,"href":"https:\/\/zsab.krakow.pl\/index.php?rest_route=\/wp\/v2\/pages\/4738\/revisions\/4820"}],"wp:attachment":[{"href":"https:\/\/zsab.krakow.pl\/index.php?rest_route=%2Fwp%2Fv2%2Fmedia&parent=4738"}],"curies":[{"name":"wp","href":"https:\/\/api.w.org\/{rel}","templated":true}]}}