{"id":4734,"date":"2026-02-22T09:05:19","date_gmt":"2026-02-22T09:05:19","guid":{"rendered":"https:\/\/zsab.krakow.pl\/?page_id=4734"},"modified":"2026-02-22T09:34:19","modified_gmt":"2026-02-22T09:34:19","slug":"ciesla","status":"publish","type":"page","link":"https:\/\/zsab.krakow.pl\/?page_id=4734","title":{"rendered":"Cie\u015bla"},"content":{"rendered":"\n<figure class=\"wp-block-image size-large\"><img loading=\"lazy\" decoding=\"async\" width=\"1024\" height=\"722\" src=\"https:\/\/zsab.krakow.pl\/wp-content\/uploads\/2026\/02\/ciesla-1024x722.png\" alt=\"\" class=\"wp-image-4794\" srcset=\"https:\/\/zsab.krakow.pl\/wp-content\/uploads\/2026\/02\/ciesla-1024x722.png 1024w, https:\/\/zsab.krakow.pl\/wp-content\/uploads\/2026\/02\/ciesla-300x212.png 300w, https:\/\/zsab.krakow.pl\/wp-content\/uploads\/2026\/02\/ciesla-768x541.png 768w, https:\/\/zsab.krakow.pl\/wp-content\/uploads\/2026\/02\/ciesla-1536x1083.png 1536w, https:\/\/zsab.krakow.pl\/wp-content\/uploads\/2026\/02\/ciesla.png 2000w\" sizes=\"auto, (max-width: 1024px) 100vw, 1024px\" \/><\/figure>\n\n\n\n<div class=\"wp-block-file\"><a id=\"wp-block-file--media-e32e9330-62f7-416d-9b10-f9d8d0666bed\" href=\"https:\/\/zsab.krakow.pl\/wp-content\/uploads\/2026\/02\/ciesla.pdf\">cie\u015bla.pdf<\/a><a href=\"https:\/\/zsab.krakow.pl\/wp-content\/uploads\/2026\/02\/ciesla.pdf\" class=\"wp-block-file__button wp-element-button\" download aria-describedby=\"wp-block-file--media-e32e9330-62f7-416d-9b10-f9d8d0666bed\">Pobierz<\/a><\/div>\n\n\n\n<p>Cie\u015bla to specjalista od konstrukcji drewnianych&nbsp;&#8211;&nbsp;buduje wi\u0119\u017aby dachowe, domy&nbsp;szkieletowe i r\u00f3\u017cne elementy architektury&nbsp;z naturalnego materia\u0142u.&nbsp;To zaw\u00f3d dla os\u00f3b praktycznych, kt\u00f3re lubi\u0105 prac\u0119 r\u0119kami, widz\u0105 szybkie efekty swojej pracy.&nbsp;Dobrzy cie\u015ble s\u0105 stale poszukiwani na rynku budowlanym, a zdobyte umiej\u0119tno\u015bci pozwalaj\u0105 r\u00f3wnie\u017c na wyjazdy zarobkowe i prowadzenie w\u0142asnej firmy.&nbsp;Je\u015bli cenisz konkretne umiej\u0119tno\u015bci, prac\u0119 na \u015bwie\u017cym powietrzu i zaw\u00f3d z przysz\u0142o\u015bci\u0105&nbsp;&#8211;&nbsp;cie\u015bla to \u015bwietny wyb\u00f3r.<\/p>\n\n\n\n<p><strong>B\u0119dziesz pracowa\u0107:&nbsp;<\/strong><br>&#8211;&nbsp;w zespo\u0142ach kilkuosobowych pod nadzorem;&nbsp;<br>&#8211;&nbsp;wykonuj\u0105c prac\u0119 r\u0119cznie lub mechanicznie z zastosowaniem odpowiednich narz\u0119dzi i urz\u0105dze\u0144;&nbsp;<br>&#8211;&nbsp;w halach produkcyjnych lub na terenie budowy, czasem w warsztacie lub w remontowanym budynku;&nbsp;<br>&#8211;&nbsp;najcz\u0119\u015bciej w systemie jednozmianowym, ale czasem zmianowym, z mo\u017cliwymi nadgodzinami.<\/p>\n\n\n\n<p><strong>Mo\u017cesz pracowa\u0107 mi\u0119dzy innymi:&nbsp;<\/strong><br>&#8211;&nbsp;w firmach og\u00f3lnobudowlanych na budowach obiekt\u00f3w;&nbsp;<br>&#8211;&nbsp;w prywatnych firmach budowlanych;&nbsp;<br>&#8211;&nbsp;w przedsi\u0119biorstwach mostowo-drogowych;&nbsp;<br>&#8211;&nbsp;we w\u0142asnej firmie.<\/p>\n\n\n\n<p><strong>Kwalifikacje uzyskiwane w wyniku kszta\u0142cenia:<\/strong><br>Kwalifikacja :<br>BUD.02. Wykonywanie rob\u00f3t ciesielskich.<\/p>\n\n\n\n<p><strong>Absolwent otrzymuje dyplom potwierdzaj\u0105cy kwalifikacje w zawodzie wraz z suplementem do dyplomu \u2013 EUROPASS w j\u0119zyku polskim i j\u0119zyku angielskim (okre\u015blaj\u0105cy ramy kwalifikacji zawodowych uznanych w Polsce i w krajach Unii Europejskiej).<\/strong><\/p>\n","protected":false},"excerpt":{"rendered":"<p>Cie\u015bla to specjalista od konstrukcji drewnianych&nbsp;&#8211;&nbsp;buduje wi\u0119\u017aby dachowe, domy&nbsp;szkieletowe i r\u00f3\u017cne elementy architektury&nbsp;z naturalnego materia\u0142u.&nbsp;To zaw\u00f3d dla os\u00f3b praktycznych, kt\u00f3re lubi\u0105 prac\u0119 r\u0119kami, widz\u0105 szybkie efekty swojej pracy.&nbsp;Dobrzy cie\u015ble s\u0105 stale poszukiwani na rynku budowlanym, a zdobyte umiej\u0119tno\u015bci pozwalaj\u0105 r\u00f3wnie\u017c na wyjazdy zarobkowe i prowadzenie w\u0142asnej firmy.&nbsp;Je\u015bli cenisz konkretne umiej\u0119tno\u015bci, prac\u0119 na \u015bwie\u017cym powietrzu i [&hellip;]<\/p>\n","protected":false},"author":2,"featured_media":0,"parent":0,"menu_order":0,"comment_status":"closed","ping_status":"closed","template":"","meta":{"footnotes":""},"class_list":["post-4734","page","type-page","status-publish","hentry"],"blocksy_meta":[],"_links":{"self":[{"href":"https:\/\/zsab.krakow.pl\/index.php?rest_route=\/wp\/v2\/pages\/4734","targetHints":{"allow":["GET"]}}],"collection":[{"href":"https:\/\/zsab.krakow.pl\/index.php?rest_route=\/wp\/v2\/pages"}],"about":[{"href":"https:\/\/zsab.krakow.pl\/index.php?rest_route=\/wp\/v2\/types\/page"}],"author":[{"embeddable":true,"href":"https:\/\/zsab.krakow.pl\/index.php?rest_route=\/wp\/v2\/users\/2"}],"replies":[{"embeddable":true,"href":"https:\/\/zsab.krakow.pl\/index.php?rest_route=%2Fwp%2Fv2%2Fcomments&post=4734"}],"version-history":[{"count":3,"href":"https:\/\/zsab.krakow.pl\/index.php?rest_route=\/wp\/v2\/pages\/4734\/revisions"}],"predecessor-version":[{"id":4795,"href":"https:\/\/zsab.krakow.pl\/index.php?rest_route=\/wp\/v2\/pages\/4734\/revisions\/4795"}],"wp:attachment":[{"href":"https:\/\/zsab.krakow.pl\/index.php?rest_route=%2Fwp%2Fv2%2Fmedia&parent=4734"}],"curies":[{"name":"wp","href":"https:\/\/api.w.org\/{rel}","templated":true}]}}