{"id":4721,"date":"2026-02-22T08:56:31","date_gmt":"2026-02-22T08:56:31","guid":{"rendered":"https:\/\/zsab.krakow.pl\/?page_id=4721"},"modified":"2026-02-22T09:31:54","modified_gmt":"2026-02-22T09:31:54","slug":"technik-montazu-i-automatyki-stolarki-budowlanej","status":"publish","type":"page","link":"https:\/\/zsab.krakow.pl\/?page_id=4721","title":{"rendered":"Technik monta\u017cu i automatyki stolarki budowlanej"},"content":{"rendered":"\n<figure class=\"wp-block-image size-large\"><img loading=\"lazy\" decoding=\"async\" width=\"1024\" height=\"722\" src=\"https:\/\/zsab.krakow.pl\/wp-content\/uploads\/2026\/02\/technik-montazu-i-automatyki-stolarki-budowlanej-1024x722.png\" alt=\"\" class=\"wp-image-4782\" srcset=\"https:\/\/zsab.krakow.pl\/wp-content\/uploads\/2026\/02\/technik-montazu-i-automatyki-stolarki-budowlanej-1024x722.png 1024w, https:\/\/zsab.krakow.pl\/wp-content\/uploads\/2026\/02\/technik-montazu-i-automatyki-stolarki-budowlanej-300x212.png 300w, https:\/\/zsab.krakow.pl\/wp-content\/uploads\/2026\/02\/technik-montazu-i-automatyki-stolarki-budowlanej-768x541.png 768w, https:\/\/zsab.krakow.pl\/wp-content\/uploads\/2026\/02\/technik-montazu-i-automatyki-stolarki-budowlanej-1536x1083.png 1536w, https:\/\/zsab.krakow.pl\/wp-content\/uploads\/2026\/02\/technik-montazu-i-automatyki-stolarki-budowlanej.png 2000w\" sizes=\"auto, (max-width: 1024px) 100vw, 1024px\" \/><\/figure>\n\n\n\n<div class=\"wp-block-file\"><a id=\"wp-block-file--media-96806af7-fc60-46a8-a94b-7a72b85093cc\" href=\"https:\/\/zsab.krakow.pl\/wp-content\/uploads\/2026\/02\/technik-montazu-i-automatyki-stolarki-budowlanej.pdf\">technik monta\u017cu i automatyki stolarki budowlanej.pdf<\/a><a href=\"https:\/\/zsab.krakow.pl\/wp-content\/uploads\/2026\/02\/technik-montazu-i-automatyki-stolarki-budowlanej.pdf\" class=\"wp-block-file__button wp-element-button\" download aria-describedby=\"wp-block-file--media-96806af7-fc60-46a8-a94b-7a72b85093cc\">Pobierz<\/a><\/div>\n\n\n\n<p>Zaw\u00f3d technik monta\u017cu i automatyki stolarki budowlanej polega na instalowaniu, regulacji oraz serwisowaniu nowoczesnych okien, drzwi, bram i system\u00f3w os\u0142onowych wyposa\u017conych w elementy automatyki. Specjalista ten \u0142\u0105czy wiedz\u0119 z zakresu budownictwa, mechaniki i elektrotechniki, dbaj\u0105c o prawid\u0142owe dzia\u0142anie, szczelno\u015b\u0107 oraz bezpiecze\u0144stwo u\u017cytkowania stolarki w budynkach mieszkalnych i przemys\u0142owych.<\/p>\n\n\n\n<p><strong>Wybrane efekty kszta\u0142cenia:<\/strong><br>&#8211;&nbsp;wykonywanie regulacji skrzyde\u0142,<br>&#8211;&nbsp;wykonywanie po\u0142\u0105czenia o\u015bcie\u017cnicy z o\u015bcie\u017cem,<br>&#8211;&nbsp;montowanie &nbsp;parapet\u00f3w wewn\u0119trznych &nbsp;i zewn\u0119trznych,<br>&#8211;&nbsp;wykonywanie &nbsp;wyko\u0144czenia &nbsp;po\u0142\u0105czenia o\u015bcie\u017cnicy z o\u015bcie\u017cem,<br>&#8211;&nbsp;instalowanie &nbsp;element\u00f3w &nbsp;systemu elektronicznego sterowania funkcjami okien i drzwi balkonowych,<br>&#8211;&nbsp;ocenianie &nbsp;stanu &nbsp;technicznego &nbsp;okien i drzwi balkonowych przeznaczonych do naprawy,<br>&#8211;&nbsp;wykonywanie &nbsp;rob\u00f3t zwi\u0105zanych z napraw\u0105 bram ,<br>&#8211;&nbsp;wykonywanie &nbsp;demonta\u017cu bram, np. wyposa\u017cenia, nap\u0119d\u00f3w.<\/p>\n\n\n\n<p><strong>Absolwenci mog\u0105 znale\u017a\u0107 zatrudnienie w:<\/strong><br>&#8211;&nbsp;przedsi\u0119biorstwach budowlanych,&nbsp;<br>&#8211;&nbsp;w wytw\u00f3rniach prefabrykat\u00f3w,&nbsp;<br>&#8211;&nbsp;w ca\u0142ym sektorze budowlanym, kt\u00f3ry ma wysoki udzia\u0142 w krajowym eksporcie, potrzebuj\u0105cy wykszta\u0142conej kadry na poziomie technicznym, posiadaj\u0105cej umiej\u0119tno\u015bci z zakresu elektroniki i automatyki, jak r\u00f3wnie\u017c prowadzenie w\u0142asnej firmy budowlanej.<\/p>\n\n\n\n<p><strong>Kwalifikacje uzyskiwane w wyniku kszta\u0142cenia:<\/strong><strong><br><\/strong>Kwalifikacja 1:<br>BUD.10. Wykonywanie rob\u00f3t zwi\u0105zanych z monta\u017cem stolarki budowlanej.<br>Kwalifikacja 2:<br>BUD.32. Organizacja i nadzorowanie rob\u00f3t zwi\u0105zanych z monta\u017cem i automatyk\u0105 stolarki budowlanej.<\/p>\n\n\n\n<p><strong>Absolwent otrzymuje dyplom potwierdzaj\u0105cy kwalifikacje w zawodzie wraz z suplementem do dyplomu \u2013 EUROPASS w j\u0119zyku polskim i j\u0119zyku angielskim (okre\u015blaj\u0105cy ramy kwalifikacji zawodowych uznanych w Polsce i w krajach Unii Europejskiej).<\/strong><\/p>\n","protected":false},"excerpt":{"rendered":"<p>Zaw\u00f3d technik monta\u017cu i automatyki stolarki budowlanej polega na instalowaniu, regulacji oraz serwisowaniu nowoczesnych okien, drzwi, bram i system\u00f3w os\u0142onowych wyposa\u017conych w elementy automatyki. Specjalista ten \u0142\u0105czy wiedz\u0119 z zakresu budownictwa, mechaniki i elektrotechniki, dbaj\u0105c o prawid\u0142owe dzia\u0142anie, szczelno\u015b\u0107 oraz bezpiecze\u0144stwo u\u017cytkowania stolarki w budynkach mieszkalnych i przemys\u0142owych. Wybrane efekty kszta\u0142cenia:&#8211;&nbsp;wykonywanie regulacji skrzyde\u0142,&#8211;&nbsp;wykonywanie po\u0142\u0105czenia o\u015bcie\u017cnicy [&hellip;]<\/p>\n","protected":false},"author":2,"featured_media":0,"parent":0,"menu_order":0,"comment_status":"closed","ping_status":"closed","template":"","meta":{"footnotes":""},"class_list":["post-4721","page","type-page","status-publish","hentry"],"blocksy_meta":[],"_links":{"self":[{"href":"https:\/\/zsab.krakow.pl\/index.php?rest_route=\/wp\/v2\/pages\/4721","targetHints":{"allow":["GET"]}}],"collection":[{"href":"https:\/\/zsab.krakow.pl\/index.php?rest_route=\/wp\/v2\/pages"}],"about":[{"href":"https:\/\/zsab.krakow.pl\/index.php?rest_route=\/wp\/v2\/types\/page"}],"author":[{"embeddable":true,"href":"https:\/\/zsab.krakow.pl\/index.php?rest_route=\/wp\/v2\/users\/2"}],"replies":[{"embeddable":true,"href":"https:\/\/zsab.krakow.pl\/index.php?rest_route=%2Fwp%2Fv2%2Fcomments&post=4721"}],"version-history":[{"count":4,"href":"https:\/\/zsab.krakow.pl\/index.php?rest_route=\/wp\/v2\/pages\/4721\/revisions"}],"predecessor-version":[{"id":4783,"href":"https:\/\/zsab.krakow.pl\/index.php?rest_route=\/wp\/v2\/pages\/4721\/revisions\/4783"}],"wp:attachment":[{"href":"https:\/\/zsab.krakow.pl\/index.php?rest_route=%2Fwp%2Fv2%2Fmedia&parent=4721"}],"curies":[{"name":"wp","href":"https:\/\/api.w.org\/{rel}","templated":true}]}}