{"id":4719,"date":"2026-02-22T08:53:37","date_gmt":"2026-02-22T08:53:37","guid":{"rendered":"https:\/\/zsab.krakow.pl\/?page_id=4719"},"modified":"2026-02-22T09:31:36","modified_gmt":"2026-02-22T09:31:36","slug":"technik-izolacji-przemyslowych","status":"publish","type":"page","link":"https:\/\/zsab.krakow.pl\/?page_id=4719","title":{"rendered":"Technik izolacji przemys\u0142owych"},"content":{"rendered":"\n<figure class=\"wp-block-image size-large\"><img loading=\"lazy\" decoding=\"async\" width=\"1024\" height=\"722\" src=\"https:\/\/zsab.krakow.pl\/wp-content\/uploads\/2026\/02\/technik-izolacji-przemyslowych-1024x722.png\" alt=\"\" class=\"wp-image-4780\" srcset=\"https:\/\/zsab.krakow.pl\/wp-content\/uploads\/2026\/02\/technik-izolacji-przemyslowych-1024x722.png 1024w, https:\/\/zsab.krakow.pl\/wp-content\/uploads\/2026\/02\/technik-izolacji-przemyslowych-300x212.png 300w, https:\/\/zsab.krakow.pl\/wp-content\/uploads\/2026\/02\/technik-izolacji-przemyslowych-768x541.png 768w, https:\/\/zsab.krakow.pl\/wp-content\/uploads\/2026\/02\/technik-izolacji-przemyslowych-1536x1083.png 1536w, https:\/\/zsab.krakow.pl\/wp-content\/uploads\/2026\/02\/technik-izolacji-przemyslowych.png 2000w\" sizes=\"auto, (max-width: 1024px) 100vw, 1024px\" \/><\/figure>\n\n\n\n<div class=\"wp-block-file\"><a id=\"wp-block-file--media-adaf0832-1e9c-43d6-80eb-97e48f14f712\" href=\"https:\/\/zsab.krakow.pl\/wp-content\/uploads\/2026\/02\/technik-izolacji-przemyslowych.pdf\">technik izolacji przemys\u0142owych.pdf<\/a><a href=\"https:\/\/zsab.krakow.pl\/wp-content\/uploads\/2026\/02\/technik-izolacji-przemyslowych.pdf\" class=\"wp-block-file__button wp-element-button\" download aria-describedby=\"wp-block-file--media-adaf0832-1e9c-43d6-80eb-97e48f14f712\">Pobierz<\/a><\/div>\n\n\n\n<p>Technik&nbsp;izolacji przemys\u0142owych&nbsp;wykonuje, konserwuje, remontuje i&nbsp;naprawia izolacje obiekt\u00f3w i&nbsp;urz\u0105dze\u0144 przemys\u0142owych, takich jak: ruroci\u0105gi, zbiorniki, wymienniki ciep\u0142a, kot\u0142y, turbiny i&nbsp;piece przemys\u0142owe, komory i&nbsp;urz\u0105dzenia ch\u0142odnicze, wentylatory i&nbsp;elektrofiltry oraz izolacje instalacji sanitarnych w&nbsp;budynkach, pos\u0142uguj\u0105c si\u0119 specjalistycznymi narz\u0119dziami i&nbsp;sprz\u0119tem oraz dokumentacj\u0105 techniczn\u0105, obowi\u0105zuj\u0105cymi normami i&nbsp;instrukcjami.<\/p>\n\n\n\n<p><strong>Mo\u017cesz pracowa\u0107 w:<\/strong><br>&#8211; firmach wykonuj\u0105cych izolacje termiczne i akustyczne w zak\u0142adach przemys\u0142owych;<br>&#8211;&nbsp;przedsi\u0119biorstwach energetycznych (elektrownie, elektrociep\u0142ownie, ciep\u0142ownie);<br>&#8211;&nbsp;rafineriach, petrochemii i zak\u0142adach chemicznych;<br>&#8211;&nbsp;stoczniach oraz przy budowie i remontach statk\u00f3w;<br>&#8211;&nbsp;firmach monta\u017cowych przy instalacjach ruroci\u0105g\u00f3w, zbiornik\u00f3w i kot\u0142\u00f3w przemys\u0142owych;<br>&#8211;&nbsp;zak\u0142adach produkcyjnych wymagaj\u0105cych izolacji instalacji technologicznych;<br>&#8211;&nbsp;przedsi\u0119biorstwach zajmuj\u0105cych si\u0119 serwisem i modernizacj\u0105 instalacji przemys\u0142owych;<br>&#8211;&nbsp;firmach budowlanych realizuj\u0105cych obiekty przemys\u0142owe i hale produkcyjne;<br>&#8211;&nbsp;prowadz\u0105c w\u0142asn\u0105 dzia\u0142alno\u015b\u0107 us\u0142ugow\u0105 specjalizuj\u0105c\u0105 si\u0119 w izolacjach przemys\u0142owych.<\/p>\n\n\n\n<p><strong>Kwalifikacje uzyskiwane w wyniku kszta\u0142cenia:<\/strong><strong><br><\/strong>Kwalifikacja 1:<br>BUD.07. Wykonywanie p\u0142aszczy ochronnych z blachy, konstrukcji wsporczych i no\u015bnych oraz izolacji przemys\u0142owych.<br>Kwalifikacja 2:<br>BUD.31. Organizacja i kontrola rob\u00f3t izolacyjnych oraz sporz\u0105dzanie kosztorys\u00f3w.<\/p>\n\n\n\n<p><strong>Absolwent otrzymuje dyplom potwierdzaj\u0105cy kwalifikacje w zawodzie wraz z suplementem do dyplomu \u2013 EUROPASS w j\u0119zyku polskim i j\u0119zyku angielskim (okre\u015blaj\u0105cy ramy kwalifikacji zawodowych uznanych w Polsce i w krajach Unii Europejskiej).<\/strong><\/p>\n","protected":false},"excerpt":{"rendered":"<p>Technik&nbsp;izolacji przemys\u0142owych&nbsp;wykonuje, konserwuje, remontuje i&nbsp;naprawia izolacje obiekt\u00f3w i&nbsp;urz\u0105dze\u0144 przemys\u0142owych, takich jak: ruroci\u0105gi, zbiorniki, wymienniki ciep\u0142a, kot\u0142y, turbiny i&nbsp;piece przemys\u0142owe, komory i&nbsp;urz\u0105dzenia ch\u0142odnicze, wentylatory i&nbsp;elektrofiltry oraz izolacje instalacji sanitarnych w&nbsp;budynkach, pos\u0142uguj\u0105c si\u0119 specjalistycznymi narz\u0119dziami i&nbsp;sprz\u0119tem oraz dokumentacj\u0105 techniczn\u0105, obowi\u0105zuj\u0105cymi normami i&nbsp;instrukcjami. Mo\u017cesz pracowa\u0107 w:&#8211; firmach wykonuj\u0105cych izolacje termiczne i akustyczne w zak\u0142adach przemys\u0142owych;&#8211;&nbsp;przedsi\u0119biorstwach energetycznych (elektrownie, elektrociep\u0142ownie, [&hellip;]<\/p>\n","protected":false},"author":2,"featured_media":0,"parent":0,"menu_order":0,"comment_status":"closed","ping_status":"closed","template":"","meta":{"footnotes":""},"class_list":["post-4719","page","type-page","status-publish","hentry"],"blocksy_meta":[],"_links":{"self":[{"href":"https:\/\/zsab.krakow.pl\/index.php?rest_route=\/wp\/v2\/pages\/4719","targetHints":{"allow":["GET"]}}],"collection":[{"href":"https:\/\/zsab.krakow.pl\/index.php?rest_route=\/wp\/v2\/pages"}],"about":[{"href":"https:\/\/zsab.krakow.pl\/index.php?rest_route=\/wp\/v2\/types\/page"}],"author":[{"embeddable":true,"href":"https:\/\/zsab.krakow.pl\/index.php?rest_route=\/wp\/v2\/users\/2"}],"replies":[{"embeddable":true,"href":"https:\/\/zsab.krakow.pl\/index.php?rest_route=%2Fwp%2Fv2%2Fcomments&post=4719"}],"version-history":[{"count":4,"href":"https:\/\/zsab.krakow.pl\/index.php?rest_route=\/wp\/v2\/pages\/4719\/revisions"}],"predecessor-version":[{"id":4781,"href":"https:\/\/zsab.krakow.pl\/index.php?rest_route=\/wp\/v2\/pages\/4719\/revisions\/4781"}],"wp:attachment":[{"href":"https:\/\/zsab.krakow.pl\/index.php?rest_route=%2Fwp%2Fv2%2Fmedia&parent=4719"}],"curies":[{"name":"wp","href":"https:\/\/api.w.org\/{rel}","templated":true}]}}