{"id":2875,"date":"2025-06-17T12:02:02","date_gmt":"2025-06-17T12:02:02","guid":{"rendered":"https:\/\/zsab.krakow.pl\/?page_id=2875"},"modified":"2026-02-22T11:34:44","modified_gmt":"2026-02-22T11:34:44","slug":"informacje-dla-kandydatow-do-bsii","status":"publish","type":"page","link":"https:\/\/zsab.krakow.pl\/?page_id=2875","title":{"rendered":"Informacje dla kandydat\u00f3w do BSII"},"content":{"rendered":"\n<p class=\"has-text-align-center\"><strong>INFORMACJE DLA KANDYDAT\u00d3W 2026 <\/strong><br><strong>DO BRAN\u017bOWEJ SZKO\u0141Y II STOPNIA NR 1<\/strong><\/p>\n\n\n\n<p>1.\u00a0Je\u015bli chcesz wzi\u0105\u0107 udzia\u0142 w rekrutacji do oddzia\u0142u klasy pierwszej Bran\u017cowej Szko\u0142y II stopnia nr\u00a01 w\u00a0Zespole Szk\u00f3\u0142 Architektoniczno-Budowlanych w Krakowie,\u00a0<strong>do\u00a024\u00a0lipca 2026\u00a0roku<\/strong>\u00a0z\u0142\u00f3\u017c\u00a0wniosek o\u00a0przyj\u0119cie do szko\u0142y wraz z kompletem nast\u0119puj\u0105cych dokument\u00f3w:<\/p>\n\n\n\n<ul class=\"wp-block-list\">\n<li><strong>pobrany ze strony internetowej ZSAB poni\u017cej<\/strong>, wydrukowany i podpisany przez siebie (kandydaci pe\u0142noletni) albo co&nbsp;najmniej jednego rodzica \/ opiekuna prawnego (kandydaci niepe\u0142noletni)&nbsp;<strong>wniosek o przyj\u0119cie do Bran\u017cowej Szko\u0142y II stopnia nr 1&nbsp;<\/strong>wraz z za\u0142\u0105czon\u0105 do wniosku&nbsp;<strong>\u201eInformacj\u0105 administratora o przetwarzaniu danych osobowych\u201d<\/strong>&nbsp;i&nbsp;<strong>\u201eZgod\u0105 na przetwarzanie wizerunku ucznia\u201d<\/strong><\/li>\n\n\n\n<li><strong>orygina\u0142 \u015bwiadectwa<\/strong>&nbsp;uko\u0144czenia bran\u017cowej szko\u0142y I stopnia lub zasadniczej szko\u0142y zawodowej<\/li>\n\n\n\n<li><strong>za\u015bwiadczenie o zawodzie<\/strong>&nbsp;nauczanym w bran\u017cowej szkole I stopnia, kt\u00f3rego zakres odpowiada pierwszej kwalifikacji wyodr\u0119bnionej w zawodzie nauczanym w bran\u017cowej szkole II stopnia, do kt\u00f3rej kandydat ubiega si\u0119 o przyj\u0119cie<\/li>\n\n\n\n<li><strong>za\u015bwiadczenie lekarskie<\/strong>&nbsp;zawieraj\u0105ce orzeczenie o braku przeciwwskaza\u0144 zdrowotnych do podj\u0119cia praktycznej nauki zawodu we wskazanym zawodzie<\/li>\n\n\n\n<li><strong>dwa zdj\u0119cia&nbsp;<\/strong>legitymacyjne w tradycyjnym formacie legitymacyjnym;&nbsp;<strong>na odwrocie:&nbsp;<\/strong>nazwisko, imiona, PESEL, wybrany zaw\u00f3d<\/li>\n\n\n\n<li><strong>jedno zdj\u0119cie&nbsp;<\/strong>legitymacyjne w postaci pliku cyfrowego 300 dpi w formacie .jpg, przes\u0142ane na adres&nbsp;<strong><a href=\"mailto:rekrutacja@zsab.krakow.pl\">rekrutacja@zsab.krakow.pl<\/a><\/strong> <br><strong>Uwaga:&nbsp;<\/strong>zdj\u0119cie w wersji elektronicznej musi by\u0107 identyczne jak w wersji tradycyjnej; tytu\u0142 pliku:<strong>&nbsp;BSII,&nbsp;<\/strong>nazwisko, imiona, wybrany zaw\u00f3d<\/li>\n\n\n\n<li>dokument stwierdzaj\u0105cy sprawowanie opieki prawnej nad kandydatem&nbsp;<em>(o ile dotyczy)<\/em><\/li>\n\n\n\n<li>kandydaci&nbsp;<strong>cudzoziemcy<\/strong>&nbsp;dodatkowo:<br>\u25e6&nbsp;dokument nadania numeru PESEL<br>\u25e6&nbsp;dokument stwierdzaj\u0105cy sprawowanie opieki prawnej nad kandydatem&nbsp;<em>(o ile dotyczy)<\/em><\/li>\n<\/ul>\n\n\n\n<p>w godzinach pracy Komisji Rekrutacyjnej podanych poni\u017cej.<\/p>\n\n\n\n<p>2.\u00a0Og\u0142oszenie listy kandydat\u00f3w zakwalifikowanych do oddzia\u0142\u00f3w klasy pierwszej\u00a0Bran\u017cowej Szko\u0142y II stopnia nr\u00a01\u00a0w ZSAB oraz listy kandydat\u00f3w niezakwalifikowanych do oddzia\u0142\u00f3w klasy pierwszej\u00a0Bran\u017cowej Szko\u0142y II stopnia nr\u00a01\u00a0w ZSAB nast\u0105pi\u00a0<strong>30\u00a0lipca 2026\u00a0roku (czwartek)<\/strong><strong>\u00a0do\u00a0g<\/strong><strong>odz.\u00a012:00<\/strong>. Lista zostanie wywieszona w holu szko\u0142y na parterze.<\/p>\n\n\n\n<p>3.\u00a0Og\u0142oszenie listy kandydat\u00f3w przyj\u0119tych\u00a0do oddzia\u0142\u00f3w klasy pierwszej w ZSAB\u00a0oraz listy kandydat\u00f3w nieprzyj\u0119tych do oddzia\u0142\u00f3w klasy pierwszej w ZSAB nast\u0105pi\u00a0<strong>4\u00a0sierpnia 2026\u00a0roku (wtorek) do\u00a0godz.\u00a012.00<\/strong>. Lista zostanie wywieszona w holu szko\u0142y na parterze.<\/p>\n\n\n\n<p>Powy\u017csze terminy oraz poni\u017csze terminy i godziny pracy Komisji Rekrutacyjnej mog\u0105 ulec nieznacznym zmianom.&nbsp;Prosimy \u015bledzi\u0107 ewentualne zmiany na tej stronie internetowej.<\/p>\n\n\n\n<p class=\"has-text-align-center\"><strong>Dy\u017cury Komisji Rekrutacyjnej 2026<\/strong><\/p>\n\n\n\n<figure class=\"wp-block-table\"><table class=\"has-fixed-layout\"><tbody><tr><td><strong>Data<\/strong><\/td><td><strong>Godzina<\/strong><\/td><td><strong>Miejsce<\/strong><\/td><\/tr><tr><td>18 maja \u2013 26 czerwca\u00a0<em>[w dni powszednie]<\/em><\/td><td>Godziny pracy sekretariatu<\/td><td>Sekretariat szko\u0142y<\/td><\/tr><tr><td>Pozosta\u0142e terminy zostan\u0105 podane wkr\u00f3tce<\/td><td>Godziny zostan\u0105 podane wkr\u00f3tce<\/td><td>Sala podana w holu szko\u0142y<\/td><\/tr><\/tbody><\/table><\/figure>\n\n\n\n<p><strong>Pliki do pobrania:<\/strong><\/p>\n\n\n\n<p>Plik do pobrania b\u0119dzie dost\u0119pny wkr\u00f3tce.<\/p>\n\n\n\n<p><\/p>\n","protected":false},"excerpt":{"rendered":"<p>INFORMACJE DLA KANDYDAT\u00d3W 2026 DO BRAN\u017bOWEJ SZKO\u0141Y II STOPNIA NR 1 1.\u00a0Je\u015bli chcesz wzi\u0105\u0107 udzia\u0142 w rekrutacji do oddzia\u0142u klasy pierwszej Bran\u017cowej Szko\u0142y II stopnia nr\u00a01 w\u00a0Zespole Szk\u00f3\u0142 Architektoniczno-Budowlanych w Krakowie,\u00a0do\u00a024\u00a0lipca 2026\u00a0roku\u00a0z\u0142\u00f3\u017c\u00a0wniosek o\u00a0przyj\u0119cie do szko\u0142y wraz z kompletem nast\u0119puj\u0105cych dokument\u00f3w: w godzinach pracy Komisji Rekrutacyjnej podanych poni\u017cej. 2.\u00a0Og\u0142oszenie listy kandydat\u00f3w zakwalifikowanych do oddzia\u0142\u00f3w klasy pierwszej\u00a0Bran\u017cowej [&hellip;]<\/p>\n","protected":false},"author":2,"featured_media":0,"parent":0,"menu_order":0,"comment_status":"closed","ping_status":"closed","template":"","meta":{"footnotes":""},"class_list":["post-2875","page","type-page","status-publish","hentry"],"blocksy_meta":[],"_links":{"self":[{"href":"https:\/\/zsab.krakow.pl\/index.php?rest_route=\/wp\/v2\/pages\/2875","targetHints":{"allow":["GET"]}}],"collection":[{"href":"https:\/\/zsab.krakow.pl\/index.php?rest_route=\/wp\/v2\/pages"}],"about":[{"href":"https:\/\/zsab.krakow.pl\/index.php?rest_route=\/wp\/v2\/types\/page"}],"author":[{"embeddable":true,"href":"https:\/\/zsab.krakow.pl\/index.php?rest_route=\/wp\/v2\/users\/2"}],"replies":[{"embeddable":true,"href":"https:\/\/zsab.krakow.pl\/index.php?rest_route=%2Fwp%2Fv2%2Fcomments&post=2875"}],"version-history":[{"count":9,"href":"https:\/\/zsab.krakow.pl\/index.php?rest_route=\/wp\/v2\/pages\/2875\/revisions"}],"predecessor-version":[{"id":4833,"href":"https:\/\/zsab.krakow.pl\/index.php?rest_route=\/wp\/v2\/pages\/2875\/revisions\/4833"}],"wp:attachment":[{"href":"https:\/\/zsab.krakow.pl\/index.php?rest_route=%2Fwp%2Fv2%2Fmedia&parent=2875"}],"curies":[{"name":"wp","href":"https:\/\/api.w.org\/{rel}","templated":true}]}}